{"id":138,"date":"2017-12-24T20:55:01","date_gmt":"2017-12-24T20:55:01","guid":{"rendered":"http:\/\/www.bebedetoucafotografia.com.br\/?page_id=138"},"modified":"2018-01-12T00:00:48","modified_gmt":"2018-01-12T00:00:48","slug":"newborn","status":"publish","type":"page","link":"https:\/\/www.bebedetoucafotografia.com.br\/index.php\/newborn\/","title":{"rendered":"Newborn"},"content":{"rendered":"<div class=\"wpb-content-wrapper\"><p>[vc_row][vc_column][vc_column_text]<script type=\"text\/javascript\">var lsjQuery = jQuery;lsjQuery(document).ready(function() {\r\nif(typeof lsjQuery.fn.layerSlider == \"undefined\") {\r\nif( window._layerSlider && window._layerSlider.showNotice) { \r\nwindow._layerSlider.showNotice('layerslider_4','jquery');\r\n}\r\n} else {\r\nlsjQuery(\"#layerslider_4\").layerSlider({createdWith: '6.6.1', sliderVersion: '6.6.1', type: 'fullwidth', pauseOnHover: 'disabled', skin: 'v6', skinsPath: 'https:\/\/www.bebedetoucafotografia.com.br\/wp-content\/plugins\/LayerSlider\/static\/layerslider\/skins\/'});\r\n}\r\n});\r\n<\/script><div id=\"layerslider_4\" class=\"ls-wp-container fitvidsignore\" style=\"width:1280px;height:720px;margin:0 auto;margin-bottom: 0px;\"><div class=\"ls-slide\" data-ls=\"duration:4000;transition2d:1;kenburnsscale:1.2;\"><img loading=\"lazy\" decoding=\"async\" width=\"1280\" height=\"854\" src=\"https:\/\/www.bebedetoucafotografia.com.br\/wp-content\/uploads\/2018\/01\/Guilherme_013.jpg\" class=\"ls-bg\" alt=\"\" srcset=\"https:\/\/www.bebedetoucafotografia.com.br\/wp-content\/uploads\/2018\/01\/Guilherme_013.jpg 1280w, https:\/\/www.bebedetoucafotografia.com.br\/wp-content\/uploads\/2018\/01\/Guilherme_013-300x200.jpg 300w, https:\/\/www.bebedetoucafotografia.com.br\/wp-content\/uploads\/2018\/01\/Guilherme_013-768x512.jpg 768w, https:\/\/www.bebedetoucafotografia.com.br\/wp-content\/uploads\/2018\/01\/Guilherme_013-1024x683.jpg 1024w\" sizes=\"auto, (max-width: 1280px) 100vw, 1280px\" \/><\/div><div class=\"ls-slide\" data-ls=\"duration:4000;transition2d:1;kenburnsscale:1.2;\"><img loading=\"lazy\" decoding=\"async\" width=\"1280\" height=\"854\" src=\"https:\/\/www.bebedetoucafotografia.com.br\/wp-content\/uploads\/2018\/01\/Laura_045.jpg\" class=\"ls-bg\" alt=\"\" srcset=\"https:\/\/www.bebedetoucafotografia.com.br\/wp-content\/uploads\/2018\/01\/Laura_045.jpg 1280w, https:\/\/www.bebedetoucafotografia.com.br\/wp-content\/uploads\/2018\/01\/Laura_045-300x200.jpg 300w, https:\/\/www.bebedetoucafotografia.com.br\/wp-content\/uploads\/2018\/01\/Laura_045-768x512.jpg 768w, https:\/\/www.bebedetoucafotografia.com.br\/wp-content\/uploads\/2018\/01\/Laura_045-1024x683.jpg 1024w\" sizes=\"auto, (max-width: 1280px) 100vw, 1280px\" \/><\/div><div class=\"ls-slide\" data-ls=\"duration:4000;transition2d:1;kenburnsscale:1.2;\"><img loading=\"lazy\" decoding=\"async\" width=\"1280\" height=\"854\" src=\"https:\/\/www.bebedetoucafotografia.com.br\/wp-content\/uploads\/2018\/01\/Laura_114.jpg\" class=\"ls-bg\" alt=\"\" srcset=\"https:\/\/www.bebedetoucafotografia.com.br\/wp-content\/uploads\/2018\/01\/Laura_114.jpg 1280w, https:\/\/www.bebedetoucafotografia.com.br\/wp-content\/uploads\/2018\/01\/Laura_114-300x200.jpg 300w, https:\/\/www.bebedetoucafotografia.com.br\/wp-content\/uploads\/2018\/01\/Laura_114-768x512.jpg 768w, https:\/\/www.bebedetoucafotografia.com.br\/wp-content\/uploads\/2018\/01\/Laura_114-1024x683.jpg 1024w\" sizes=\"auto, (max-width: 1280px) 100vw, 1280px\" \/><\/div><div class=\"ls-slide\" data-ls=\"duration:4000;transition2d:1;kenburnsscale:1.2;\"><img loading=\"lazy\" decoding=\"async\" width=\"1280\" height=\"854\" src=\"https:\/\/www.bebedetoucafotografia.com.br\/wp-content\/uploads\/2018\/01\/Lucas_057.jpg\" class=\"ls-bg\" alt=\"\" srcset=\"https:\/\/www.bebedetoucafotografia.com.br\/wp-content\/uploads\/2018\/01\/Lucas_057.jpg 1280w, https:\/\/www.bebedetoucafotografia.com.br\/wp-content\/uploads\/2018\/01\/Lucas_057-300x200.jpg 300w, https:\/\/www.bebedetoucafotografia.com.br\/wp-content\/uploads\/2018\/01\/Lucas_057-768x512.jpg 768w, https:\/\/www.bebedetoucafotografia.com.br\/wp-content\/uploads\/2018\/01\/Lucas_057-1024x683.jpg 1024w\" sizes=\"auto, (max-width: 1280px) 100vw, 1280px\" \/><\/div><div class=\"ls-slide\" data-ls=\"duration:4000;transition2d:1;kenburnsscale:1.2;\"><img loading=\"lazy\" decoding=\"async\" width=\"1280\" height=\"853\" src=\"https:\/\/www.bebedetoucafotografia.com.br\/wp-content\/uploads\/2018\/01\/Lucas_080.jpg\" class=\"ls-bg\" alt=\"\" srcset=\"https:\/\/www.bebedetoucafotografia.com.br\/wp-content\/uploads\/2018\/01\/Lucas_080.jpg 1280w, https:\/\/www.bebedetoucafotografia.com.br\/wp-content\/uploads\/2018\/01\/Lucas_080-300x200.jpg 300w, https:\/\/www.bebedetoucafotografia.com.br\/wp-content\/uploads\/2018\/01\/Lucas_080-768x512.jpg 768w, https:\/\/www.bebedetoucafotografia.com.br\/wp-content\/uploads\/2018\/01\/Lucas_080-1024x682.jpg 1024w\" sizes=\"auto, (max-width: 1280px) 100vw, 1280px\" \/><\/div><div class=\"ls-slide\" data-ls=\"duration:4000;transition2d:1;kenburnsscale:1.2;\"><img loading=\"lazy\" decoding=\"async\" width=\"1280\" height=\"854\" src=\"https:\/\/www.bebedetoucafotografia.com.br\/wp-content\/uploads\/2018\/01\/Matheus_019.jpg\" class=\"ls-bg\" alt=\"\" srcset=\"https:\/\/www.bebedetoucafotografia.com.br\/wp-content\/uploads\/2018\/01\/Matheus_019.jpg 1280w, https:\/\/www.bebedetoucafotografia.com.br\/wp-content\/uploads\/2018\/01\/Matheus_019-300x200.jpg 300w, https:\/\/www.bebedetoucafotografia.com.br\/wp-content\/uploads\/2018\/01\/Matheus_019-768x512.jpg 768w, https:\/\/www.bebedetoucafotografia.com.br\/wp-content\/uploads\/2018\/01\/Matheus_019-1024x683.jpg 1024w\" sizes=\"auto, (max-width: 1280px) 100vw, 1280px\" \/><\/div><\/div>[\/vc_column_text]<div id=\"ultimate-heading-187869f4e3e8565cb\" class=\"uvc-heading ult-adjust-bottom-margin ultimate-heading-187869f4e3e8565cb uvc-512 \" data-hspacer=\"no_spacer\"  data-halign=\"left\" style=\"text-align:left\"><div class=\"uvc-heading-spacer no_spacer\" style=\"top\"><\/div><div class=\"uvc-main-heading ult-responsive\"  data-ultimate-target='.uvc-heading.ultimate-heading-187869f4e3e8565cb h1'  data-responsive-json-new='{\"font-size\":\"\",\"line-height\":\"\"}' ><h1 style=\"font-weight:normal;\">Newborn<\/h1><\/div><\/div><div class=\"ult-spacer spacer-69f4e3e8565e9\" data-id=\"69f4e3e8565e9\" data-height=\"20\" data-height-mobile=\"20\" data-height-tab=\"20\" data-height-tab-portrait=\"\" data-height-mobile-landscape=\"\" style=\"clear:both;display:block;\"><\/div>[vc_column_text]O ensaio Newborn ou rec\u00e9m nascido, \u00e9 um momento m\u00e1gico para todos, n\u00e3o s\u00f3 para a fam\u00edlia do beb\u00ea, mas para n\u00f3s fot\u00f3grafos.<\/p>\n<p>Somos apaixonados por beb\u00eas e por isso buscamos registrar estes primeiros dias de vida, com muito carinho.<\/p>\n<p>O registro fotogr\u00e1fico de rec\u00e9m nascido deve acontecer do 5o. dia ao 14o. dia de vida, pois nesta fase, os beb\u00eas dormem bastante, n\u00e3o resistem as poses e grande parte dos beb\u00eas ainda n\u00e3o tem c\u00f3licas.<\/p>\n<p>Retratamos o beb\u00ea, dormindo, em um ambiente aconchegante e climatizado. Preparamos nosso est\u00fadio para receb\u00ea-los de maneira que sintam-se confort\u00e1veis e acolhidos, assim como os papais.<\/p>\n<p>Em m\u00e9dia, um ensaio dura entre tr\u00eas a seis horas, dependendo das pausas do beb\u00ea para mamar, trocar as fraldas, etc.<\/p>\n<p>Lembramos que esta \u00e9 uma experi\u00eancia \u00fanica e por isso a sess\u00e3o deve ser realizada sem pressa, no ritmo do beb\u00ea.<\/p>\n<p>Os rec\u00e9m-nascidos s\u00e3o extremamente sens\u00edveis e captam sinais de nervosismo ou ansiedade, o que pode torn\u00e1-los estressados e agitados, por isso, \u00e9 necess\u00e1rio garantir a tranquilidade do ambiente, sendo assim, \u00e9 importante que os Pais n\u00e3o fiquem ansiosos e apressados.<\/p>\n<p>Os registros s\u00e3o feitos com roupinhas ou acess\u00f3rios pr\u00f3prios para rec\u00e9m-nascidos, como tapa-fraldas, gorrinhos, chap\u00e9us, la\u00e7os, etc.<\/p>\n<p>Tamb\u00e9m s\u00e3o utilizadas cestas e puffs cobertos por mantas para acomodar o beb\u00ea.<\/p>\n<p>\u00c9 necess\u00e1rio tamb\u00e9m que o beb\u00ea esteja em sono profundo, para permanecer nas poses e passar a tranquilidade do momento nas imagens.[\/vc_column_text][\/vc_column][\/vc_row]<\/p>\n<\/div>","protected":false},"excerpt":{"rendered":"<p>[vc_row][vc_column][vc_column_text][\/vc_column_text][vc_column_text]O ensaio Newborn ou rec\u00e9m nascido, \u00e9 um momento m\u00e1gico para todos, n\u00e3o s\u00f3 para a fam\u00edlia do beb\u00ea, mas para n\u00f3s fot\u00f3grafos. Somos apaixonados por beb\u00eas e por isso buscamos registrar estes primeiros dias de vida, com muito carinho. O registro fotogr\u00e1fico de rec\u00e9m nascido deve acontecer do 5o. dia ao 14o. dia de&hellip;<\/p>\n","protected":false},"author":1,"featured_media":0,"parent":0,"menu_order":0,"comment_status":"closed","ping_status":"closed","template":"","meta":[],"class_list":["post-138","page","type-page","status-publish","hentry","description-off"],"_links":{"self":[{"href":"https:\/\/www.bebedetoucafotografia.com.br\/index.php\/wp-json\/wp\/v2\/pages\/138","targetHints":{"allow":["GET"]}}],"collection":[{"href":"https:\/\/www.bebedetoucafotografia.com.br\/index.php\/wp-json\/wp\/v2\/pages"}],"about":[{"href":"https:\/\/www.bebedetoucafotografia.com.br\/index.php\/wp-json\/wp\/v2\/types\/page"}],"author":[{"embeddable":true,"href":"https:\/\/www.bebedetoucafotografia.com.br\/index.php\/wp-json\/wp\/v2\/users\/1"}],"replies":[{"embeddable":true,"href":"https:\/\/www.bebedetoucafotografia.com.br\/index.php\/wp-json\/wp\/v2\/comments?post=138"}],"version-history":[{"count":5,"href":"https:\/\/www.bebedetoucafotografia.com.br\/index.php\/wp-json\/wp\/v2\/pages\/138\/revisions"}],"predecessor-version":[{"id":299,"href":"https:\/\/www.bebedetoucafotografia.com.br\/index.php\/wp-json\/wp\/v2\/pages\/138\/revisions\/299"}],"wp:attachment":[{"href":"https:\/\/www.bebedetoucafotografia.com.br\/index.php\/wp-json\/wp\/v2\/media?parent=138"}],"curies":[{"name":"wp","href":"https:\/\/api.w.org\/{rel}","templated":true}]}}