{"id":152,"date":"2017-12-25T14:47:45","date_gmt":"2017-12-25T14:47:45","guid":{"rendered":"http:\/\/www.bebedetoucafotografia.com.br\/?page_id=152"},"modified":"2018-01-12T00:03:12","modified_gmt":"2018-01-12T00:03:12","slug":"infantil","status":"publish","type":"page","link":"https:\/\/www.bebedetoucafotografia.com.br\/index.php\/infantil\/","title":{"rendered":"Infantil"},"content":{"rendered":"<div class=\"wpb-content-wrapper\"><p>[vc_row][vc_column][vc_column_text]<script type=\"text\/javascript\">var lsjQuery = jQuery;lsjQuery(document).ready(function() {\r\nif(typeof lsjQuery.fn.layerSlider == \"undefined\") {\r\nif( window._layerSlider && window._layerSlider.showNotice) { \r\nwindow._layerSlider.showNotice('layerslider_6','jquery');\r\n}\r\n} else {\r\nlsjQuery(\"#layerslider_6\").layerSlider({createdWith: '6.6.1', sliderVersion: '6.6.1', type: 'fullwidth', pauseOnHover: 'disabled', skin: 'v6', skinsPath: 'https:\/\/www.bebedetoucafotografia.com.br\/wp-content\/plugins\/LayerSlider\/static\/layerslider\/skins\/'});\r\n}\r\n});\r\n<\/script><div id=\"layerslider_6\" class=\"ls-wp-container fitvidsignore\" style=\"width:1280px;height:720px;margin:0 auto;margin-bottom: 0px;\"><div class=\"ls-slide\" data-ls=\"duration:4000;transition2d:1;kenburnsscale:1.2;\"><img loading=\"lazy\" decoding=\"async\" width=\"1200\" height=\"800\" src=\"https:\/\/www.bebedetoucafotografia.com.br\/wp-content\/uploads\/2017\/12\/Yasmin_148.jpg\" class=\"ls-bg\" alt=\"\" srcset=\"https:\/\/www.bebedetoucafotografia.com.br\/wp-content\/uploads\/2017\/12\/Yasmin_148.jpg 1200w, https:\/\/www.bebedetoucafotografia.com.br\/wp-content\/uploads\/2017\/12\/Yasmin_148-300x200.jpg 300w, https:\/\/www.bebedetoucafotografia.com.br\/wp-content\/uploads\/2017\/12\/Yasmin_148-768x512.jpg 768w, https:\/\/www.bebedetoucafotografia.com.br\/wp-content\/uploads\/2017\/12\/Yasmin_148-1024x683.jpg 1024w\" sizes=\"auto, (max-width: 1200px) 100vw, 1200px\" \/><\/div><div class=\"ls-slide\" data-ls=\"duration:4000;transition2d:1;kenburnsscale:1.2;\"><img loading=\"lazy\" decoding=\"async\" width=\"1024\" height=\"684\" src=\"https:\/\/www.bebedetoucafotografia.com.br\/wp-content\/uploads\/2017\/12\/Lorenzo_157.jpg\" class=\"ls-bg\" alt=\"\" srcset=\"https:\/\/www.bebedetoucafotografia.com.br\/wp-content\/uploads\/2017\/12\/Lorenzo_157.jpg 1024w, https:\/\/www.bebedetoucafotografia.com.br\/wp-content\/uploads\/2017\/12\/Lorenzo_157-300x200.jpg 300w, https:\/\/www.bebedetoucafotografia.com.br\/wp-content\/uploads\/2017\/12\/Lorenzo_157-768x513.jpg 768w\" sizes=\"auto, (max-width: 1024px) 100vw, 1024px\" \/><\/div><div class=\"ls-slide\" data-ls=\"duration:4000;transition2d:1;kenburnsscale:1.2;\"><img loading=\"lazy\" decoding=\"async\" width=\"1024\" height=\"683\" src=\"https:\/\/www.bebedetoucafotografia.com.br\/wp-content\/uploads\/2017\/11\/DSC_0816-frozen-1024x683.jpg\" class=\"ls-bg\" alt=\"\" srcset=\"https:\/\/www.bebedetoucafotografia.com.br\/wp-content\/uploads\/2017\/11\/DSC_0816-frozen-1024x683.jpg 1024w, https:\/\/www.bebedetoucafotografia.com.br\/wp-content\/uploads\/2017\/11\/DSC_0816-frozen-1024x683-300x200.jpg 300w, https:\/\/www.bebedetoucafotografia.com.br\/wp-content\/uploads\/2017\/11\/DSC_0816-frozen-1024x683-768x512.jpg 768w\" sizes=\"auto, (max-width: 1024px) 100vw, 1024px\" \/><\/div><div class=\"ls-slide\" data-ls=\"duration:4000;transition2d:1;kenburnsscale:1.2;\"><img loading=\"lazy\" decoding=\"async\" width=\"1280\" height=\"853\" src=\"https:\/\/www.bebedetoucafotografia.com.br\/wp-content\/uploads\/2017\/11\/Carolina_194.jpg\" class=\"ls-bg\" alt=\"\" srcset=\"https:\/\/www.bebedetoucafotografia.com.br\/wp-content\/uploads\/2017\/11\/Carolina_194.jpg 1280w, https:\/\/www.bebedetoucafotografia.com.br\/wp-content\/uploads\/2017\/11\/Carolina_194-300x200.jpg 300w, https:\/\/www.bebedetoucafotografia.com.br\/wp-content\/uploads\/2017\/11\/Carolina_194-768x512.jpg 768w, https:\/\/www.bebedetoucafotografia.com.br\/wp-content\/uploads\/2017\/11\/Carolina_194-1024x682.jpg 1024w\" sizes=\"auto, (max-width: 1280px) 100vw, 1280px\" \/><\/div><div class=\"ls-slide\" data-ls=\"duration:4000;transition2d:1;kenburnsscale:1.2;\"><img loading=\"lazy\" decoding=\"async\" width=\"1024\" height=\"682\" src=\"https:\/\/www.bebedetoucafotografia.com.br\/wp-content\/uploads\/2017\/12\/DSC_5234.jpg\" class=\"ls-bg\" alt=\"\" srcset=\"https:\/\/www.bebedetoucafotografia.com.br\/wp-content\/uploads\/2017\/12\/DSC_5234.jpg 1024w, https:\/\/www.bebedetoucafotografia.com.br\/wp-content\/uploads\/2017\/12\/DSC_5234-300x200.jpg 300w, https:\/\/www.bebedetoucafotografia.com.br\/wp-content\/uploads\/2017\/12\/DSC_5234-768x512.jpg 768w\" sizes=\"auto, (max-width: 1024px) 100vw, 1024px\" \/><\/div><div class=\"ls-slide\" data-ls=\"duration:4000;transition2d:1;kenburnsscale:1.2;\"><img loading=\"lazy\" decoding=\"async\" width=\"1024\" height=\"684\" src=\"https:\/\/www.bebedetoucafotografia.com.br\/wp-content\/uploads\/2017\/12\/Arthur_009.jpg\" class=\"ls-bg\" alt=\"\" srcset=\"https:\/\/www.bebedetoucafotografia.com.br\/wp-content\/uploads\/2017\/12\/Arthur_009.jpg 1024w, https:\/\/www.bebedetoucafotografia.com.br\/wp-content\/uploads\/2017\/12\/Arthur_009-300x200.jpg 300w, https:\/\/www.bebedetoucafotografia.com.br\/wp-content\/uploads\/2017\/12\/Arthur_009-768x513.jpg 768w\" sizes=\"auto, (max-width: 1024px) 100vw, 1024px\" \/><\/div><div class=\"ls-slide\" data-ls=\"duration:4000;transition2d:1;kenburnsscale:1.2;\"><img loading=\"lazy\" decoding=\"async\" width=\"1024\" height=\"683\" src=\"https:\/\/www.bebedetoucafotografia.com.br\/wp-content\/uploads\/2017\/11\/DSC_0579.jpg\" class=\"ls-bg\" alt=\"\" srcset=\"https:\/\/www.bebedetoucafotografia.com.br\/wp-content\/uploads\/2017\/11\/DSC_0579.jpg 1024w, https:\/\/www.bebedetoucafotografia.com.br\/wp-content\/uploads\/2017\/11\/DSC_0579-300x200.jpg 300w, https:\/\/www.bebedetoucafotografia.com.br\/wp-content\/uploads\/2017\/11\/DSC_0579-768x512.jpg 768w\" sizes=\"auto, (max-width: 1024px) 100vw, 1024px\" \/><\/div><\/div>[\/vc_column_text]<div id=\"ultimate-heading-561169f4e3d0b6aa0\" class=\"uvc-heading ult-adjust-bottom-margin ultimate-heading-561169f4e3d0b6aa0 uvc-4540 \" data-hspacer=\"no_spacer\"  data-halign=\"left\" style=\"text-align:left\"><div class=\"uvc-heading-spacer no_spacer\" style=\"top\"><\/div><div class=\"uvc-main-heading ult-responsive\"  data-ultimate-target='.uvc-heading.ultimate-heading-561169f4e3d0b6aa0 h1'  data-responsive-json-new='{\"font-size\":\"\",\"line-height\":\"\"}' ><h1 style=\"font-weight:normal;\">Infantil<\/h1><\/div><\/div><div class=\"ult-spacer spacer-69f4e3d0b6ac9\" data-id=\"69f4e3d0b6ac9\" data-height=\"20\" data-height-mobile=\"20\" data-height-tab=\"20\" data-height-tab-portrait=\"\" data-height-mobile-landscape=\"\" style=\"clear:both;display:block;\"><\/div>[vc_column_text]Cada idade de uma crian\u00e7a, possui uma beleza \u00edmpar. \u00c9 isso que buscamos retratar em nossos ensaios.<\/p>\n<p><strong>1-4 meses :<\/strong>\u00a0recomendamos que o ensaio seja feito em sua resid\u00eancia, registrando o beb\u00ea em sua rotina di\u00e1rias, como banho, amamenta\u00e7\u00e3o, soninho, entre outros, mas nada impede de fotograf\u00e1-lo no est\u00fadio se esse for o desejo dos pais.<\/p>\n<p><strong>beb\u00ea que j\u00e1 senta :<\/strong>\u00a0podemos fotograf\u00e1-lo em est\u00fadio, dentro de cestos, carrinho e outros acess\u00f3rios que temos no est\u00fadio.<\/p>\n<p><strong>beb\u00ea que j\u00e1 engatinha :<\/strong>\u00a0recomendamos que o ensaio seja feito em ambiente externo, para que o beb\u00ea possa interagir com o ambiente.<\/p>\n<p><strong>1 aninho :<\/strong>\u00a0\u00e9 uma data especial e para comemorar, podemos fazer um ensaio chamado \u201cSmash the Cake\u201d, que pode ser feito na resid\u00eancia da fam\u00edlia (\u00e1rea externa) ou em um parque. Neste ensaio a crian\u00e7a fica a vontade para brincar e se sujar com um belo bolo colorido.<\/p>\n<p><strong>Acompanhamento Mensal ou Trimestral :<\/strong>\u00a0realizamos mini sess\u00f5es fotogr\u00e1ficas para acompanhar o desenvolvimento a cada m\u00eas ou a cada trimestre, registrando cada fase do seu primeiro aninho. Consulte-nos para maiores informa\u00e7\u00f5es.[\/vc_column_text][\/vc_column][\/vc_row]<\/p>\n<\/div>","protected":false},"excerpt":{"rendered":"<p>[vc_row][vc_column][vc_column_text][\/vc_column_text][vc_column_text]Cada idade de uma crian\u00e7a, possui uma beleza \u00edmpar. \u00c9 isso que buscamos retratar em nossos ensaios. 1-4 meses :\u00a0recomendamos que o ensaio seja feito em sua resid\u00eancia, registrando o beb\u00ea em sua rotina di\u00e1rias, como banho, amamenta\u00e7\u00e3o, soninho, entre outros, mas nada impede de fotograf\u00e1-lo no est\u00fadio se esse for o desejo dos pais.&hellip;<\/p>\n","protected":false},"author":1,"featured_media":0,"parent":0,"menu_order":0,"comment_status":"closed","ping_status":"closed","template":"","meta":[],"class_list":["post-152","page","type-page","status-publish","hentry","description-off"],"_links":{"self":[{"href":"https:\/\/www.bebedetoucafotografia.com.br\/index.php\/wp-json\/wp\/v2\/pages\/152","targetHints":{"allow":["GET"]}}],"collection":[{"href":"https:\/\/www.bebedetoucafotografia.com.br\/index.php\/wp-json\/wp\/v2\/pages"}],"about":[{"href":"https:\/\/www.bebedetoucafotografia.com.br\/index.php\/wp-json\/wp\/v2\/types\/page"}],"author":[{"embeddable":true,"href":"https:\/\/www.bebedetoucafotografia.com.br\/index.php\/wp-json\/wp\/v2\/users\/1"}],"replies":[{"embeddable":true,"href":"https:\/\/www.bebedetoucafotografia.com.br\/index.php\/wp-json\/wp\/v2\/comments?post=152"}],"version-history":[{"count":3,"href":"https:\/\/www.bebedetoucafotografia.com.br\/index.php\/wp-json\/wp\/v2\/pages\/152\/revisions"}],"predecessor-version":[{"id":301,"href":"https:\/\/www.bebedetoucafotografia.com.br\/index.php\/wp-json\/wp\/v2\/pages\/152\/revisions\/301"}],"wp:attachment":[{"href":"https:\/\/www.bebedetoucafotografia.com.br\/index.php\/wp-json\/wp\/v2\/media?parent=152"}],"curies":[{"name":"wp","href":"https:\/\/api.w.org\/{rel}","templated":true}]}}