{"id":165,"date":"2017-12-26T03:02:52","date_gmt":"2017-12-26T03:02:52","guid":{"rendered":"http:\/\/www.bebedetoucafotografia.com.br\/?page_id=165"},"modified":"2018-01-12T00:04:02","modified_gmt":"2018-01-12T00:04:02","slug":"smash-the-cake","status":"publish","type":"page","link":"https:\/\/www.bebedetoucafotografia.com.br\/index.php\/smash-the-cake\/","title":{"rendered":"Smash the Cake"},"content":{"rendered":"<div class=\"wpb-content-wrapper\"><p>[vc_row][vc_column][vc_column_text]<script type=\"text\/javascript\">var lsjQuery = jQuery;lsjQuery(document).ready(function() {\r\nif(typeof lsjQuery.fn.layerSlider == \"undefined\") {\r\nif( window._layerSlider && window._layerSlider.showNotice) { \r\nwindow._layerSlider.showNotice('layerslider_7','jquery');\r\n}\r\n} else {\r\nlsjQuery(\"#layerslider_7\").layerSlider({createdWith: '6.6.1', sliderVersion: '6.6.1', type: 'fullwidth', pauseOnHover: 'disabled', shuffleSlideshow: true, skin: 'v6', skinsPath: 'https:\/\/www.bebedetoucafotografia.com.br\/wp-content\/plugins\/LayerSlider\/static\/layerslider\/skins\/'});\r\n}\r\n});\r\n<\/script><div id=\"layerslider_7\" class=\"ls-wp-container fitvidsignore\" style=\"width:1280px;height:720px;margin:0 auto;margin-bottom: 0px;\"><div class=\"ls-slide\" data-ls=\"duration:4000;transition2d:1;kenburnsscale:1.2;\"><img loading=\"lazy\" decoding=\"async\" width=\"1280\" height=\"853\" src=\"https:\/\/www.bebedetoucafotografia.com.br\/wp-content\/uploads\/2018\/01\/DSC_5923.jpg\" class=\"ls-bg\" alt=\"\" srcset=\"https:\/\/www.bebedetoucafotografia.com.br\/wp-content\/uploads\/2018\/01\/DSC_5923.jpg 1280w, https:\/\/www.bebedetoucafotografia.com.br\/wp-content\/uploads\/2018\/01\/DSC_5923-300x200.jpg 300w, https:\/\/www.bebedetoucafotografia.com.br\/wp-content\/uploads\/2018\/01\/DSC_5923-768x512.jpg 768w, https:\/\/www.bebedetoucafotografia.com.br\/wp-content\/uploads\/2018\/01\/DSC_5923-1024x682.jpg 1024w\" sizes=\"auto, (max-width: 1280px) 100vw, 1280px\" \/><\/div><div class=\"ls-slide\" data-ls=\"duration:4000;transition2d:1;kenburnsscale:1.2;\"><img loading=\"lazy\" decoding=\"async\" width=\"1280\" height=\"853\" src=\"https:\/\/www.bebedetoucafotografia.com.br\/wp-content\/uploads\/2017\/12\/Arthur_081.jpg\" class=\"ls-bg\" alt=\"\" srcset=\"https:\/\/www.bebedetoucafotografia.com.br\/wp-content\/uploads\/2017\/12\/Arthur_081.jpg 1280w, https:\/\/www.bebedetoucafotografia.com.br\/wp-content\/uploads\/2017\/12\/Arthur_081-300x200.jpg 300w, https:\/\/www.bebedetoucafotografia.com.br\/wp-content\/uploads\/2017\/12\/Arthur_081-768x512.jpg 768w, https:\/\/www.bebedetoucafotografia.com.br\/wp-content\/uploads\/2017\/12\/Arthur_081-1024x682.jpg 1024w\" sizes=\"auto, (max-width: 1280px) 100vw, 1280px\" \/><\/div><div class=\"ls-slide\" data-ls=\"duration:4000;transition2d:1;kenburnsscale:1.2;\"><img loading=\"lazy\" decoding=\"async\" width=\"1024\" height=\"682\" src=\"https:\/\/www.bebedetoucafotografia.com.br\/wp-content\/uploads\/2017\/12\/Bento_128.jpg\" class=\"ls-bg\" alt=\"\" srcset=\"https:\/\/www.bebedetoucafotografia.com.br\/wp-content\/uploads\/2017\/12\/Bento_128.jpg 1024w, https:\/\/www.bebedetoucafotografia.com.br\/wp-content\/uploads\/2017\/12\/Bento_128-300x200.jpg 300w, https:\/\/www.bebedetoucafotografia.com.br\/wp-content\/uploads\/2017\/12\/Bento_128-768x512.jpg 768w\" sizes=\"auto, (max-width: 1024px) 100vw, 1024px\" \/><\/div><div class=\"ls-slide\" data-ls=\"duration:4000;transition2d:1;kenburnsscale:1.2;\"><img loading=\"lazy\" decoding=\"async\" width=\"1280\" height=\"854\" src=\"https:\/\/www.bebedetoucafotografia.com.br\/wp-content\/uploads\/2017\/12\/Tadashi_075.jpg\" class=\"ls-bg\" alt=\"\" srcset=\"https:\/\/www.bebedetoucafotografia.com.br\/wp-content\/uploads\/2017\/12\/Tadashi_075.jpg 1280w, https:\/\/www.bebedetoucafotografia.com.br\/wp-content\/uploads\/2017\/12\/Tadashi_075-300x200.jpg 300w, https:\/\/www.bebedetoucafotografia.com.br\/wp-content\/uploads\/2017\/12\/Tadashi_075-768x512.jpg 768w, https:\/\/www.bebedetoucafotografia.com.br\/wp-content\/uploads\/2017\/12\/Tadashi_075-1024x683.jpg 1024w\" sizes=\"auto, (max-width: 1280px) 100vw, 1280px\" \/><\/div><div class=\"ls-slide\" data-ls=\"duration:4000;transition2d:1;kenburnsscale:1.2;\"><img loading=\"lazy\" decoding=\"async\" width=\"1024\" height=\"683\" src=\"https:\/\/www.bebedetoucafotografia.com.br\/wp-content\/uploads\/2018\/01\/SmashKeyth_159.jpg\" class=\"ls-bg\" alt=\"\" srcset=\"https:\/\/www.bebedetoucafotografia.com.br\/wp-content\/uploads\/2018\/01\/SmashKeyth_159.jpg 1024w, https:\/\/www.bebedetoucafotografia.com.br\/wp-content\/uploads\/2018\/01\/SmashKeyth_159-300x200.jpg 300w, https:\/\/www.bebedetoucafotografia.com.br\/wp-content\/uploads\/2018\/01\/SmashKeyth_159-768x512.jpg 768w\" sizes=\"auto, (max-width: 1024px) 100vw, 1024px\" \/><\/div><div class=\"ls-slide\" data-ls=\"duration:4000;transition2d:1;kenburnsscale:1.2;\"><img loading=\"lazy\" decoding=\"async\" width=\"1024\" height=\"682\" src=\"https:\/\/www.bebedetoucafotografia.com.br\/wp-content\/uploads\/2018\/01\/SmashKeyth_172.jpg\" class=\"ls-bg\" alt=\"\" srcset=\"https:\/\/www.bebedetoucafotografia.com.br\/wp-content\/uploads\/2018\/01\/SmashKeyth_172.jpg 1024w, https:\/\/www.bebedetoucafotografia.com.br\/wp-content\/uploads\/2018\/01\/SmashKeyth_172-300x200.jpg 300w, https:\/\/www.bebedetoucafotografia.com.br\/wp-content\/uploads\/2018\/01\/SmashKeyth_172-768x512.jpg 768w\" sizes=\"auto, (max-width: 1024px) 100vw, 1024px\" \/><\/div><div class=\"ls-slide\" data-ls=\"duration:4000;transition2d:1;kenburnsscale:1.2;\"><img loading=\"lazy\" decoding=\"async\" width=\"1017\" height=\"679\" src=\"https:\/\/www.bebedetoucafotografia.com.br\/wp-content\/uploads\/2018\/01\/Isabela_12M_082.jpg\" class=\"ls-bg\" alt=\"\" srcset=\"https:\/\/www.bebedetoucafotografia.com.br\/wp-content\/uploads\/2018\/01\/Isabela_12M_082.jpg 1017w, https:\/\/www.bebedetoucafotografia.com.br\/wp-content\/uploads\/2018\/01\/Isabela_12M_082-300x200.jpg 300w, https:\/\/www.bebedetoucafotografia.com.br\/wp-content\/uploads\/2018\/01\/Isabela_12M_082-768x513.jpg 768w\" sizes=\"auto, (max-width: 1017px) 100vw, 1017px\" \/><\/div><div class=\"ls-slide\" data-ls=\"kenburnsscale:1.2;\"><img loading=\"lazy\" decoding=\"async\" width=\"1024\" height=\"683\" src=\"https:\/\/www.bebedetoucafotografia.com.br\/wp-content\/uploads\/2018\/01\/SmashKeyth_196.jpg\" class=\"ls-bg\" alt=\"\" srcset=\"https:\/\/www.bebedetoucafotografia.com.br\/wp-content\/uploads\/2018\/01\/SmashKeyth_196.jpg 1024w, https:\/\/www.bebedetoucafotografia.com.br\/wp-content\/uploads\/2018\/01\/SmashKeyth_196-300x200.jpg 300w, https:\/\/www.bebedetoucafotografia.com.br\/wp-content\/uploads\/2018\/01\/SmashKeyth_196-768x512.jpg 768w\" sizes=\"auto, (max-width: 1024px) 100vw, 1024px\" \/><\/div><\/div>[\/vc_column_text]<div id=\"ultimate-heading-651969f4d1b25e414\" class=\"uvc-heading ult-adjust-bottom-margin ultimate-heading-651969f4d1b25e414 uvc-387 \" data-hspacer=\"no_spacer\"  data-halign=\"left\" style=\"text-align:left\"><div class=\"uvc-heading-spacer no_spacer\" style=\"top\"><\/div><div class=\"uvc-main-heading ult-responsive\"  data-ultimate-target='.uvc-heading.ultimate-heading-651969f4d1b25e414 h1'  data-responsive-json-new='{\"font-size\":\"\",\"line-height\":\"\"}' ><h1 style=\"font-weight:normal;\">Smash the Cake<\/h1><\/div><\/div><div class=\"ult-spacer spacer-69f4d1b25e42e\" data-id=\"69f4d1b25e42e\" data-height=\"20\" data-height-mobile=\"20\" data-height-tab=\"20\" data-height-tab-portrait=\"\" data-height-mobile-landscape=\"\" style=\"clear:both;display:block;\"><\/div>[vc_column_text]\u00c9 uma del\u00edcia deix\u00e1-los a vontade em frente a um lindo bolo e assistir se lambuzarem !! \u00c9 uma brincadeira que eles adoram. Neste momento \u00fanico de descontra\u00e7\u00e3o \u00e9 que registramos atrav\u00e9s de nossas lentes, a descoberta deles de novas texturas, cores, sabores.<\/p>\n<p>O ensaio Smash the Cake, \u00e9 feito para comemorar o primeiro aninho de vida do beb\u00ea. \u00c9 uma maneira divertida e criativa para guardar e recordar e os pais tamb\u00e9m podem participar, se quiserem.<\/p>\n<p>A idade ideal para fazer este ensaio \u00e9 com 11 ou 12 meses.[\/vc_column_text][\/vc_column][\/vc_row]<\/p>\n<\/div>","protected":false},"excerpt":{"rendered":"<p>[vc_row][vc_column][vc_column_text][\/vc_column_text][vc_column_text]\u00c9 uma del\u00edcia deix\u00e1-los a vontade em frente a um lindo bolo e assistir se lambuzarem !! \u00c9 uma brincadeira que eles adoram. Neste momento \u00fanico de descontra\u00e7\u00e3o \u00e9 que registramos atrav\u00e9s de nossas lentes, a descoberta deles de novas texturas, cores, sabores. O ensaio Smash the Cake, \u00e9 feito para comemorar o primeiro aninho&hellip;<\/p>\n","protected":false},"author":1,"featured_media":0,"parent":0,"menu_order":0,"comment_status":"closed","ping_status":"closed","template":"","meta":[],"class_list":["post-165","page","type-page","status-publish","hentry","description-off"],"_links":{"self":[{"href":"https:\/\/www.bebedetoucafotografia.com.br\/index.php\/wp-json\/wp\/v2\/pages\/165","targetHints":{"allow":["GET"]}}],"collection":[{"href":"https:\/\/www.bebedetoucafotografia.com.br\/index.php\/wp-json\/wp\/v2\/pages"}],"about":[{"href":"https:\/\/www.bebedetoucafotografia.com.br\/index.php\/wp-json\/wp\/v2\/types\/page"}],"author":[{"embeddable":true,"href":"https:\/\/www.bebedetoucafotografia.com.br\/index.php\/wp-json\/wp\/v2\/users\/1"}],"replies":[{"embeddable":true,"href":"https:\/\/www.bebedetoucafotografia.com.br\/index.php\/wp-json\/wp\/v2\/comments?post=165"}],"version-history":[{"count":3,"href":"https:\/\/www.bebedetoucafotografia.com.br\/index.php\/wp-json\/wp\/v2\/pages\/165\/revisions"}],"predecessor-version":[{"id":302,"href":"https:\/\/www.bebedetoucafotografia.com.br\/index.php\/wp-json\/wp\/v2\/pages\/165\/revisions\/302"}],"wp:attachment":[{"href":"https:\/\/www.bebedetoucafotografia.com.br\/index.php\/wp-json\/wp\/v2\/media?parent=165"}],"curies":[{"name":"wp","href":"https:\/\/api.w.org\/{rel}","templated":true}]}}