{"id":182,"date":"2017-12-26T13:05:18","date_gmt":"2017-12-26T13:05:18","guid":{"rendered":"http:\/\/www.bebedetoucafotografia.com.br\/?page_id=182"},"modified":"2018-01-12T00:04:53","modified_gmt":"2018-01-12T00:04:53","slug":"lifestyle","status":"publish","type":"page","link":"https:\/\/www.bebedetoucafotografia.com.br\/index.php\/lifestyle\/","title":{"rendered":"Lifestyle"},"content":{"rendered":"<div class=\"wpb-content-wrapper\"><p>[vc_row][vc_column][vc_column_text]<script type=\"text\/javascript\">var lsjQuery = jQuery;lsjQuery(document).ready(function() {\r\nif(typeof lsjQuery.fn.layerSlider == \"undefined\") {\r\nif( window._layerSlider && window._layerSlider.showNotice) { \r\nwindow._layerSlider.showNotice('layerslider_8','jquery');\r\n}\r\n} else {\r\nlsjQuery(\"#layerslider_8\").layerSlider({createdWith: '6.6.1', sliderVersion: '6.6.1', type: 'fullwidth', pauseOnHover: 'disabled', skin: 'v6', skinsPath: 'https:\/\/www.bebedetoucafotografia.com.br\/wp-content\/plugins\/LayerSlider\/static\/layerslider\/skins\/'});\r\n}\r\n});\r\n<\/script><div id=\"layerslider_8\" class=\"ls-wp-container fitvidsignore\" style=\"width:1280px;height:720px;margin:0 auto;margin-bottom: 0px;\"><div class=\"ls-slide\" data-ls=\"duration:4000;transition2d:1;kenburnsscale:1.2;\"><img loading=\"lazy\" decoding=\"async\" width=\"1280\" height=\"854\" src=\"https:\/\/www.bebedetoucafotografia.com.br\/wp-content\/uploads\/2017\/12\/Theo_3M_192.jpg\" class=\"ls-bg\" alt=\"\" srcset=\"https:\/\/www.bebedetoucafotografia.com.br\/wp-content\/uploads\/2017\/12\/Theo_3M_192.jpg 1280w, https:\/\/www.bebedetoucafotografia.com.br\/wp-content\/uploads\/2017\/12\/Theo_3M_192-300x200.jpg 300w, https:\/\/www.bebedetoucafotografia.com.br\/wp-content\/uploads\/2017\/12\/Theo_3M_192-768x512.jpg 768w, https:\/\/www.bebedetoucafotografia.com.br\/wp-content\/uploads\/2017\/12\/Theo_3M_192-1024x683.jpg 1024w\" sizes=\"auto, (max-width: 1280px) 100vw, 1280px\" \/><\/div><div class=\"ls-slide\" data-ls=\"duration:4000;transition2d:1;kenburnsscale:1.2;\"><img loading=\"lazy\" decoding=\"async\" width=\"1200\" height=\"800\" src=\"https:\/\/www.bebedetoucafotografia.com.br\/wp-content\/uploads\/2017\/12\/3meses_111.jpg\" class=\"ls-bg\" alt=\"\" srcset=\"https:\/\/www.bebedetoucafotografia.com.br\/wp-content\/uploads\/2017\/12\/3meses_111.jpg 1200w, https:\/\/www.bebedetoucafotografia.com.br\/wp-content\/uploads\/2017\/12\/3meses_111-300x200.jpg 300w, https:\/\/www.bebedetoucafotografia.com.br\/wp-content\/uploads\/2017\/12\/3meses_111-768x512.jpg 768w, https:\/\/www.bebedetoucafotografia.com.br\/wp-content\/uploads\/2017\/12\/3meses_111-1024x683.jpg 1024w\" sizes=\"auto, (max-width: 1200px) 100vw, 1200px\" \/><\/div><div class=\"ls-slide\" data-ls=\"duration:4000;transition2d:1;kenburnsscale:1.2;\"><img loading=\"lazy\" decoding=\"async\" width=\"1280\" height=\"854\" src=\"https:\/\/www.bebedetoucafotografia.com.br\/wp-content\/uploads\/2017\/11\/3meses_043.jpg\" class=\"ls-bg\" alt=\"\" srcset=\"https:\/\/www.bebedetoucafotografia.com.br\/wp-content\/uploads\/2017\/11\/3meses_043.jpg 1280w, https:\/\/www.bebedetoucafotografia.com.br\/wp-content\/uploads\/2017\/11\/3meses_043-300x200.jpg 300w, https:\/\/www.bebedetoucafotografia.com.br\/wp-content\/uploads\/2017\/11\/3meses_043-768x512.jpg 768w, https:\/\/www.bebedetoucafotografia.com.br\/wp-content\/uploads\/2017\/11\/3meses_043-1024x683.jpg 1024w\" sizes=\"auto, (max-width: 1280px) 100vw, 1280px\" \/><\/div><div class=\"ls-slide\" data-ls=\"duration:4000;transition2d:1;kenburnsscale:1.2;\"><img loading=\"lazy\" decoding=\"async\" width=\"1024\" height=\"682\" src=\"https:\/\/www.bebedetoucafotografia.com.br\/wp-content\/uploads\/2017\/11\/Lais-3meses_055.jpg\" class=\"ls-bg\" alt=\"\" srcset=\"https:\/\/www.bebedetoucafotografia.com.br\/wp-content\/uploads\/2017\/11\/Lais-3meses_055.jpg 1024w, https:\/\/www.bebedetoucafotografia.com.br\/wp-content\/uploads\/2017\/11\/Lais-3meses_055-300x200.jpg 300w, https:\/\/www.bebedetoucafotografia.com.br\/wp-content\/uploads\/2017\/11\/Lais-3meses_055-768x512.jpg 768w\" sizes=\"auto, (max-width: 1024px) 100vw, 1024px\" \/><\/div><div class=\"ls-slide\" data-ls=\"duration:4000;transition2d:1;kenburnsscale:1.2;\"><img loading=\"lazy\" decoding=\"async\" width=\"1280\" height=\"853\" src=\"https:\/\/www.bebedetoucafotografia.com.br\/wp-content\/uploads\/2017\/12\/Laura6meses_193.jpg\" class=\"ls-bg\" alt=\"\" srcset=\"https:\/\/www.bebedetoucafotografia.com.br\/wp-content\/uploads\/2017\/12\/Laura6meses_193.jpg 1280w, https:\/\/www.bebedetoucafotografia.com.br\/wp-content\/uploads\/2017\/12\/Laura6meses_193-300x200.jpg 300w, https:\/\/www.bebedetoucafotografia.com.br\/wp-content\/uploads\/2017\/12\/Laura6meses_193-768x512.jpg 768w, https:\/\/www.bebedetoucafotografia.com.br\/wp-content\/uploads\/2017\/12\/Laura6meses_193-1024x682.jpg 1024w\" sizes=\"auto, (max-width: 1280px) 100vw, 1280px\" \/><\/div><div class=\"ls-slide\" data-ls=\"duration:4000;transition2d:1;kenburnsscale:1.2;\"><img loading=\"lazy\" decoding=\"async\" width=\"1024\" height=\"683\" src=\"https:\/\/www.bebedetoucafotografia.com.br\/wp-content\/uploads\/2017\/11\/3meses_106-1024x683.jpg\" class=\"ls-bg\" alt=\"\" srcset=\"https:\/\/www.bebedetoucafotografia.com.br\/wp-content\/uploads\/2017\/11\/3meses_106-1024x683.jpg 1024w, https:\/\/www.bebedetoucafotografia.com.br\/wp-content\/uploads\/2017\/11\/3meses_106-1024x683-300x200.jpg 300w, https:\/\/www.bebedetoucafotografia.com.br\/wp-content\/uploads\/2017\/11\/3meses_106-1024x683-768x512.jpg 768w\" sizes=\"auto, (max-width: 1024px) 100vw, 1024px\" \/><\/div><\/div>[\/vc_column_text]<div id=\"ultimate-heading-367369f4e3e8daa27\" class=\"uvc-heading ult-adjust-bottom-margin ultimate-heading-367369f4e3e8daa27 uvc-5191 \" data-hspacer=\"no_spacer\"  data-halign=\"left\" style=\"text-align:left\"><div class=\"uvc-heading-spacer no_spacer\" style=\"top\"><\/div><div class=\"uvc-main-heading ult-responsive\"  data-ultimate-target='.uvc-heading.ultimate-heading-367369f4e3e8daa27 h1'  data-responsive-json-new='{\"font-size\":\"\",\"line-height\":\"\"}' ><h1 style=\"font-weight:normal;\">Lifestyle<\/h1><\/div><\/div><div class=\"ult-spacer spacer-69f4e3e8daa41\" data-id=\"69f4e3e8daa41\" data-height=\"20\" data-height-mobile=\"20\" data-height-tab=\"20\" data-height-tab-portrait=\"\" data-height-mobile-landscape=\"\" style=\"clear:both;display:block;\"><\/div>[vc_column_text]O estilo de fotografia Life Style \u00e9 onde vamos at\u00e9 a resid\u00eancia do cliente e fotografamos o beb\u00ea junto com sua fam\u00edlia em sua rotina di\u00e1ria de uma forma natural e em situa\u00e7\u00f5es como a hora do banho, a amamenta\u00e7\u00e3o, o soninho, etc.<\/p>\n<p>Tudo \u00e9 feita de maneira discreta e natural por parte dos fot\u00f3grafos para que possamos registrar os momentos descontra\u00eddos de toda a fam\u00edlia.<\/p>\n<p>Este tipo de ensaio \u00e9 indicado para crian\u00e7as de 1 a 2 meses de vida.[\/vc_column_text][\/vc_column][\/vc_row]<\/p>\n<\/div>","protected":false},"excerpt":{"rendered":"<p>[vc_row][vc_column][vc_column_text][\/vc_column_text][vc_column_text]O estilo de fotografia Life Style \u00e9 onde vamos at\u00e9 a resid\u00eancia do cliente e fotografamos o beb\u00ea junto com sua fam\u00edlia em sua rotina di\u00e1ria de uma forma natural e em situa\u00e7\u00f5es como a hora do banho, a amamenta\u00e7\u00e3o, o soninho, etc. Tudo \u00e9 feita de maneira discreta e natural por parte dos fot\u00f3grafos&hellip;<\/p>\n","protected":false},"author":1,"featured_media":0,"parent":0,"menu_order":0,"comment_status":"closed","ping_status":"closed","template":"","meta":[],"class_list":["post-182","page","type-page","status-publish","hentry","description-off"],"_links":{"self":[{"href":"https:\/\/www.bebedetoucafotografia.com.br\/index.php\/wp-json\/wp\/v2\/pages\/182","targetHints":{"allow":["GET"]}}],"collection":[{"href":"https:\/\/www.bebedetoucafotografia.com.br\/index.php\/wp-json\/wp\/v2\/pages"}],"about":[{"href":"https:\/\/www.bebedetoucafotografia.com.br\/index.php\/wp-json\/wp\/v2\/types\/page"}],"author":[{"embeddable":true,"href":"https:\/\/www.bebedetoucafotografia.com.br\/index.php\/wp-json\/wp\/v2\/users\/1"}],"replies":[{"embeddable":true,"href":"https:\/\/www.bebedetoucafotografia.com.br\/index.php\/wp-json\/wp\/v2\/comments?post=182"}],"version-history":[{"count":3,"href":"https:\/\/www.bebedetoucafotografia.com.br\/index.php\/wp-json\/wp\/v2\/pages\/182\/revisions"}],"predecessor-version":[{"id":303,"href":"https:\/\/www.bebedetoucafotografia.com.br\/index.php\/wp-json\/wp\/v2\/pages\/182\/revisions\/303"}],"wp:attachment":[{"href":"https:\/\/www.bebedetoucafotografia.com.br\/index.php\/wp-json\/wp\/v2\/media?parent=182"}],"curies":[{"name":"wp","href":"https:\/\/api.w.org\/{rel}","templated":true}]}}