{"id":199,"date":"2017-12-26T13:59:11","date_gmt":"2017-12-26T13:59:11","guid":{"rendered":"http:\/\/www.bebedetoucafotografia.com.br\/?page_id=199"},"modified":"2018-01-12T00:06:40","modified_gmt":"2018-01-12T00:06:40","slug":"acompanhamento-trimestral","status":"publish","type":"page","link":"https:\/\/www.bebedetoucafotografia.com.br\/index.php\/acompanhamento-trimestral\/","title":{"rendered":"Acompanhamento Trimestral"},"content":{"rendered":"<div class=\"wpb-content-wrapper\"><p>[vc_row][vc_column][vc_column_text]<script type=\"text\/javascript\">var lsjQuery = jQuery;lsjQuery(document).ready(function() {\r\nif(typeof lsjQuery.fn.layerSlider == \"undefined\") {\r\nif( window._layerSlider && window._layerSlider.showNotice) { \r\nwindow._layerSlider.showNotice('layerslider_10','jquery');\r\n}\r\n} else {\r\nlsjQuery(\"#layerslider_10\").layerSlider({createdWith: '6.6.1', sliderVersion: '6.6.1', type: 'fullwidth', pauseOnHover: 'disabled', skin: 'v6', skinsPath: 'https:\/\/www.bebedetoucafotografia.com.br\/wp-content\/plugins\/LayerSlider\/static\/layerslider\/skins\/'});\r\n}\r\n});\r\n<\/script><div id=\"layerslider_10\" class=\"ls-wp-container fitvidsignore\" style=\"width:1280px;height:720px;margin:0 auto;margin-bottom: 0px;\"><div class=\"ls-slide\" data-ls=\"duration:4000;transition2d:1;kenburnsscale:1.2;\"><img loading=\"lazy\" decoding=\"async\" width=\"1280\" height=\"853\" src=\"https:\/\/www.bebedetoucafotografia.com.br\/wp-content\/uploads\/2017\/12\/Bernardo-3meses_080.jpg\" class=\"ls-bg\" alt=\"\" srcset=\"https:\/\/www.bebedetoucafotografia.com.br\/wp-content\/uploads\/2017\/12\/Bernardo-3meses_080.jpg 1280w, https:\/\/www.bebedetoucafotografia.com.br\/wp-content\/uploads\/2017\/12\/Bernardo-3meses_080-300x200.jpg 300w, https:\/\/www.bebedetoucafotografia.com.br\/wp-content\/uploads\/2017\/12\/Bernardo-3meses_080-768x512.jpg 768w, https:\/\/www.bebedetoucafotografia.com.br\/wp-content\/uploads\/2017\/12\/Bernardo-3meses_080-1024x682.jpg 1024w\" sizes=\"auto, (max-width: 1280px) 100vw, 1280px\" \/><\/div><div class=\"ls-slide\" data-ls=\"duration:4000;transition2d:1;kenburnsscale:1.2;\"><img loading=\"lazy\" decoding=\"async\" width=\"1280\" height=\"853\" src=\"https:\/\/www.bebedetoucafotografia.com.br\/wp-content\/uploads\/2017\/12\/Bernardo-6meses_049.jpg\" class=\"ls-bg\" alt=\"\" srcset=\"https:\/\/www.bebedetoucafotografia.com.br\/wp-content\/uploads\/2017\/12\/Bernardo-6meses_049.jpg 1280w, https:\/\/www.bebedetoucafotografia.com.br\/wp-content\/uploads\/2017\/12\/Bernardo-6meses_049-300x200.jpg 300w, https:\/\/www.bebedetoucafotografia.com.br\/wp-content\/uploads\/2017\/12\/Bernardo-6meses_049-768x512.jpg 768w, https:\/\/www.bebedetoucafotografia.com.br\/wp-content\/uploads\/2017\/12\/Bernardo-6meses_049-1024x682.jpg 1024w\" sizes=\"auto, (max-width: 1280px) 100vw, 1280px\" \/><\/div><div class=\"ls-slide\" data-ls=\"duration:4000;transition2d:1;kenburnsscale:1.2;\"><img loading=\"lazy\" decoding=\"async\" width=\"1018\" height=\"679\" src=\"https:\/\/www.bebedetoucafotografia.com.br\/wp-content\/uploads\/2017\/12\/Bernardo_9meses_167.jpg\" class=\"ls-bg\" alt=\"\" srcset=\"https:\/\/www.bebedetoucafotografia.com.br\/wp-content\/uploads\/2017\/12\/Bernardo_9meses_167.jpg 1018w, https:\/\/www.bebedetoucafotografia.com.br\/wp-content\/uploads\/2017\/12\/Bernardo_9meses_167-300x200.jpg 300w, https:\/\/www.bebedetoucafotografia.com.br\/wp-content\/uploads\/2017\/12\/Bernardo_9meses_167-768x512.jpg 768w\" sizes=\"auto, (max-width: 1018px) 100vw, 1018px\" \/><\/div><div class=\"ls-slide\" data-ls=\"duration:4000;transition2d:1;kenburnsscale:1.2;\"><img loading=\"lazy\" decoding=\"async\" width=\"1280\" height=\"853\" src=\"https:\/\/www.bebedetoucafotografia.com.br\/wp-content\/uploads\/2017\/12\/12meses_070.jpg\" class=\"ls-bg\" alt=\"\" srcset=\"https:\/\/www.bebedetoucafotografia.com.br\/wp-content\/uploads\/2017\/12\/12meses_070.jpg 1280w, https:\/\/www.bebedetoucafotografia.com.br\/wp-content\/uploads\/2017\/12\/12meses_070-300x200.jpg 300w, https:\/\/www.bebedetoucafotografia.com.br\/wp-content\/uploads\/2017\/12\/12meses_070-768x512.jpg 768w, https:\/\/www.bebedetoucafotografia.com.br\/wp-content\/uploads\/2017\/12\/12meses_070-1024x682.jpg 1024w\" sizes=\"auto, (max-width: 1280px) 100vw, 1280px\" \/><\/div><div class=\"ls-slide\" data-ls=\"duration:4000;transition2d:1;kenburnsscale:1.2;\"><img loading=\"lazy\" decoding=\"async\" width=\"1280\" height=\"854\" src=\"https:\/\/www.bebedetoucafotografia.com.br\/wp-content\/uploads\/2017\/12\/3meses_183.jpg\" class=\"ls-bg\" alt=\"\" srcset=\"https:\/\/www.bebedetoucafotografia.com.br\/wp-content\/uploads\/2017\/12\/3meses_183.jpg 1280w, https:\/\/www.bebedetoucafotografia.com.br\/wp-content\/uploads\/2017\/12\/3meses_183-300x200.jpg 300w, https:\/\/www.bebedetoucafotografia.com.br\/wp-content\/uploads\/2017\/12\/3meses_183-768x512.jpg 768w, https:\/\/www.bebedetoucafotografia.com.br\/wp-content\/uploads\/2017\/12\/3meses_183-1024x683.jpg 1024w\" sizes=\"auto, (max-width: 1280px) 100vw, 1280px\" \/><\/div><div class=\"ls-slide\" data-ls=\"duration:4000;transition2d:1;kenburnsscale:1.2;\"><img loading=\"lazy\" decoding=\"async\" width=\"1280\" height=\"853\" src=\"https:\/\/www.bebedetoucafotografia.com.br\/wp-content\/uploads\/2017\/12\/6meses_049_capa.jpg\" class=\"ls-bg\" alt=\"\" srcset=\"https:\/\/www.bebedetoucafotografia.com.br\/wp-content\/uploads\/2017\/12\/6meses_049_capa.jpg 1280w, https:\/\/www.bebedetoucafotografia.com.br\/wp-content\/uploads\/2017\/12\/6meses_049_capa-300x200.jpg 300w, https:\/\/www.bebedetoucafotografia.com.br\/wp-content\/uploads\/2017\/12\/6meses_049_capa-768x512.jpg 768w, https:\/\/www.bebedetoucafotografia.com.br\/wp-content\/uploads\/2017\/12\/6meses_049_capa-1024x682.jpg 1024w\" sizes=\"auto, (max-width: 1280px) 100vw, 1280px\" \/><\/div><div class=\"ls-slide\" data-ls=\"duration:4000;transition2d:1;kenburnsscale:1.2;\"><img loading=\"lazy\" decoding=\"async\" width=\"1280\" height=\"854\" src=\"https:\/\/www.bebedetoucafotografia.com.br\/wp-content\/uploads\/2017\/12\/9meses_094-1.jpg\" class=\"ls-bg\" alt=\"\" srcset=\"https:\/\/www.bebedetoucafotografia.com.br\/wp-content\/uploads\/2017\/12\/9meses_094-1.jpg 1280w, https:\/\/www.bebedetoucafotografia.com.br\/wp-content\/uploads\/2017\/12\/9meses_094-1-300x200.jpg 300w, https:\/\/www.bebedetoucafotografia.com.br\/wp-content\/uploads\/2017\/12\/9meses_094-1-768x512.jpg 768w, https:\/\/www.bebedetoucafotografia.com.br\/wp-content\/uploads\/2017\/12\/9meses_094-1-1024x683.jpg 1024w\" sizes=\"auto, (max-width: 1280px) 100vw, 1280px\" \/><\/div><div class=\"ls-slide\" data-ls=\"duration:4000;transition2d:1;kenburnsscale:1.2;\"><img loading=\"lazy\" decoding=\"async\" width=\"1280\" height=\"854\" src=\"https:\/\/www.bebedetoucafotografia.com.br\/wp-content\/uploads\/2017\/12\/Isabela_12M_026.jpg\" class=\"ls-bg\" alt=\"\" srcset=\"https:\/\/www.bebedetoucafotografia.com.br\/wp-content\/uploads\/2017\/12\/Isabela_12M_026.jpg 1280w, https:\/\/www.bebedetoucafotografia.com.br\/wp-content\/uploads\/2017\/12\/Isabela_12M_026-300x200.jpg 300w, https:\/\/www.bebedetoucafotografia.com.br\/wp-content\/uploads\/2017\/12\/Isabela_12M_026-768x512.jpg 768w, https:\/\/www.bebedetoucafotografia.com.br\/wp-content\/uploads\/2017\/12\/Isabela_12M_026-1024x683.jpg 1024w\" sizes=\"auto, (max-width: 1280px) 100vw, 1280px\" \/><\/div><\/div>[\/vc_column_text]<div id=\"ultimate-heading-886169f4e3e0b928d\" class=\"uvc-heading ult-adjust-bottom-margin ultimate-heading-886169f4e3e0b928d uvc-7262 \" data-hspacer=\"no_spacer\"  data-halign=\"left\" style=\"text-align:left\"><div class=\"uvc-heading-spacer no_spacer\" style=\"top\"><\/div><div class=\"uvc-main-heading ult-responsive\"  data-ultimate-target='.uvc-heading.ultimate-heading-886169f4e3e0b928d h1'  data-responsive-json-new='{\"font-size\":\"\",\"line-height\":\"\"}' ><h1 style=\"font-weight:normal;\">Acompanhamento Trimestral<\/h1><\/div><\/div><div class=\"ult-spacer spacer-69f4e3e0b92ba\" data-id=\"69f4e3e0b92ba\" data-height=\"20\" data-height-mobile=\"20\" data-height-tab=\"20\" data-height-tab-portrait=\"\" data-height-mobile-landscape=\"\" style=\"clear:both;display:block;\"><\/div>[vc_column_text]Nesse nosso ensaio registramos o primeiro ano do beb\u00ea a cada 3 meses, totalizando 4 ensaios distintos.<br \/>\nOs 4 ensaios s\u00e3o divididos em :<\/p>\n<p><strong>3 meses &#8211; Lifestyle<\/strong><br \/>\nRealizado na casa do cliente onde fotografamos a rotina do beb\u00ea como o banho, o soninho, a intera\u00e7\u00e3o com a fam\u00edlia, sorrisos e mimos. Buscamos fotografar de modo espont\u00e2neo e sem interferir muito nas cenas para que tudo saia mais natural.<\/p>\n<p><strong>6 meses &#8211; Em nosso Est\u00fadio<\/strong><br \/>\nNeste ensaio, o beb\u00ea \u00e9 fotografado em cen\u00e1rios produzidos por n\u00f3s com roupinhas e acess\u00f3rios do nosso est\u00fadio como cestos, mantinhas, etc. A fam\u00edlia tamb\u00e9m pode participar desde registro.<\/p>\n<p><strong>9 meses &#8211; Picnic de Frutas (Smash the Fruit)<\/strong><br \/>\nUm delicioso ensaio onde o beb\u00ea experimenta algumas frutas num clima de picnic com os pais. Normalmente realizamos este ensaio ao ar livre.<\/p>\n<p><strong>12 meses &#8211; Smash the Cake<\/strong><br \/>\nFotografamos o beb\u00ea em um cen\u00e1rio produzido com muito carinho onde o beb\u00ea brinca e experimenta um bolo decorado em clima de muita brincadeira e bagun\u00e7a. Este ensaio pode ser realizado ao ar livre ou em est\u00fadio.[\/vc_column_text][\/vc_column][\/vc_row]<\/p>\n<\/div>","protected":false},"excerpt":{"rendered":"<p>[vc_row][vc_column][vc_column_text][\/vc_column_text][vc_column_text]Nesse nosso ensaio registramos o primeiro ano do beb\u00ea a cada 3 meses, totalizando 4 ensaios distintos. Os 4 ensaios s\u00e3o divididos em : 3 meses &#8211; Lifestyle Realizado na casa do cliente onde fotografamos a rotina do beb\u00ea como o banho, o soninho, a intera\u00e7\u00e3o com a fam\u00edlia, sorrisos e mimos. Buscamos fotografar de&hellip;<\/p>\n","protected":false},"author":1,"featured_media":0,"parent":0,"menu_order":0,"comment_status":"closed","ping_status":"closed","template":"","meta":[],"class_list":["post-199","page","type-page","status-publish","hentry","description-off"],"_links":{"self":[{"href":"https:\/\/www.bebedetoucafotografia.com.br\/index.php\/wp-json\/wp\/v2\/pages\/199","targetHints":{"allow":["GET"]}}],"collection":[{"href":"https:\/\/www.bebedetoucafotografia.com.br\/index.php\/wp-json\/wp\/v2\/pages"}],"about":[{"href":"https:\/\/www.bebedetoucafotografia.com.br\/index.php\/wp-json\/wp\/v2\/types\/page"}],"author":[{"embeddable":true,"href":"https:\/\/www.bebedetoucafotografia.com.br\/index.php\/wp-json\/wp\/v2\/users\/1"}],"replies":[{"embeddable":true,"href":"https:\/\/www.bebedetoucafotografia.com.br\/index.php\/wp-json\/wp\/v2\/comments?post=199"}],"version-history":[{"count":4,"href":"https:\/\/www.bebedetoucafotografia.com.br\/index.php\/wp-json\/wp\/v2\/pages\/199\/revisions"}],"predecessor-version":[{"id":305,"href":"https:\/\/www.bebedetoucafotografia.com.br\/index.php\/wp-json\/wp\/v2\/pages\/199\/revisions\/305"}],"wp:attachment":[{"href":"https:\/\/www.bebedetoucafotografia.com.br\/index.php\/wp-json\/wp\/v2\/media?parent=199"}],"curies":[{"name":"wp","href":"https:\/\/api.w.org\/{rel}","templated":true}]}}