{"id":2,"date":"2017-11-23T10:08:26","date_gmt":"2017-11-23T10:08:26","guid":{"rendered":"http:\/\/www.bebedetoucafotografia.com.br\/?page_id=2"},"modified":"2018-01-14T14:22:33","modified_gmt":"2018-01-14T14:22:33","slug":"gestante","status":"publish","type":"page","link":"https:\/\/www.bebedetoucafotografia.com.br\/index.php\/gestante\/","title":{"rendered":"Gestante"},"content":{"rendered":"<div class=\"wpb-content-wrapper\"><p>[vc_row][vc_column][vc_column_text]<script type=\"text\/javascript\">var lsjQuery = jQuery;lsjQuery(document).ready(function() {\r\nif(typeof lsjQuery.fn.layerSlider == \"undefined\") {\r\nif( window._layerSlider && window._layerSlider.showNotice) { \r\nwindow._layerSlider.showNotice('layerslider_3','jquery');\r\n}\r\n} else {\r\nlsjQuery(\"#layerslider_3\").layerSlider({createdWith: '6.6.1', sliderVersion: '6.8.4', type: 'fullwidth', pauseOnHover: 'disabled', skin: 'v6', skinsPath: 'https:\/\/www.bebedetoucafotografia.com.br\/wp-content\/plugins\/LayerSlider\/static\/layerslider\/skins\/'});\r\n}\r\n});\r\n<\/script><div id=\"layerslider_3\" class=\"ls-wp-container fitvidsignore\" style=\"width:1280px;height:720px;margin:0 auto;margin-bottom: 0px;\"><div class=\"ls-slide\" data-ls=\"duration:4000;transition2d:1;kenburnsscale:1.2;\"><img loading=\"lazy\" decoding=\"async\" width=\"1280\" height=\"853\" src=\"https:\/\/www.bebedetoucafotografia.com.br\/wp-content\/uploads\/2019\/07\/IMG_181.jpg\" class=\"ls-bg\" alt=\"\" srcset=\"https:\/\/www.bebedetoucafotografia.com.br\/wp-content\/uploads\/2019\/07\/IMG_181.jpg 1280w, https:\/\/www.bebedetoucafotografia.com.br\/wp-content\/uploads\/2019\/07\/IMG_181-300x200.jpg 300w, https:\/\/www.bebedetoucafotografia.com.br\/wp-content\/uploads\/2019\/07\/IMG_181-768x512.jpg 768w, https:\/\/www.bebedetoucafotografia.com.br\/wp-content\/uploads\/2019\/07\/IMG_181-1024x682.jpg 1024w\" sizes=\"auto, (max-width: 1280px) 100vw, 1280px\" \/><\/div><div class=\"ls-slide\" data-ls=\"duration:4000;transition2d:1;kenburnsscale:1.2;\"><img loading=\"lazy\" decoding=\"async\" width=\"1200\" height=\"800\" src=\"https:\/\/www.bebedetoucafotografia.com.br\/wp-content\/uploads\/2017\/12\/Augusto_158.jpg\" class=\"ls-bg\" alt=\"\" srcset=\"https:\/\/www.bebedetoucafotografia.com.br\/wp-content\/uploads\/2017\/12\/Augusto_158.jpg 1200w, https:\/\/www.bebedetoucafotografia.com.br\/wp-content\/uploads\/2017\/12\/Augusto_158-300x200.jpg 300w, https:\/\/www.bebedetoucafotografia.com.br\/wp-content\/uploads\/2017\/12\/Augusto_158-768x512.jpg 768w, https:\/\/www.bebedetoucafotografia.com.br\/wp-content\/uploads\/2017\/12\/Augusto_158-1024x683.jpg 1024w\" sizes=\"auto, (max-width: 1200px) 100vw, 1200px\" \/><\/div><div class=\"ls-slide\" data-ls=\"duration:4000;transition2d:1;kenburnsscale:1.2;\"><img loading=\"lazy\" decoding=\"async\" width=\"1024\" height=\"682\" src=\"https:\/\/www.bebedetoucafotografia.com.br\/wp-content\/uploads\/2017\/12\/CarlaNelson_057.jpg\" class=\"ls-bg\" alt=\"\" srcset=\"https:\/\/www.bebedetoucafotografia.com.br\/wp-content\/uploads\/2017\/12\/CarlaNelson_057.jpg 1024w, https:\/\/www.bebedetoucafotografia.com.br\/wp-content\/uploads\/2017\/12\/CarlaNelson_057-300x200.jpg 300w, https:\/\/www.bebedetoucafotografia.com.br\/wp-content\/uploads\/2017\/12\/CarlaNelson_057-768x512.jpg 768w\" sizes=\"auto, (max-width: 1024px) 100vw, 1024px\" \/><\/div><div class=\"ls-slide\" data-ls=\"duration:4000;transition2d:1,5;kenburnsscale:1.2;\"><img loading=\"lazy\" decoding=\"async\" width=\"1250\" height=\"834\" src=\"https:\/\/www.bebedetoucafotografia.com.br\/wp-content\/uploads\/2019\/06\/IMG_084.jpg\" class=\"ls-bg\" alt=\"\" srcset=\"https:\/\/www.bebedetoucafotografia.com.br\/wp-content\/uploads\/2019\/06\/IMG_084.jpg 1250w, https:\/\/www.bebedetoucafotografia.com.br\/wp-content\/uploads\/2019\/06\/IMG_084-300x200.jpg 300w, https:\/\/www.bebedetoucafotografia.com.br\/wp-content\/uploads\/2019\/06\/IMG_084-768x512.jpg 768w, https:\/\/www.bebedetoucafotografia.com.br\/wp-content\/uploads\/2019\/06\/IMG_084-1024x683.jpg 1024w\" sizes=\"auto, (max-width: 1250px) 100vw, 1250px\" \/><\/div><div class=\"ls-slide\" data-ls=\"duration:4000;transition2d:1;kenburnsscale:1.2;\"><img loading=\"lazy\" decoding=\"async\" width=\"1024\" height=\"682\" src=\"https:\/\/www.bebedetoucafotografia.com.br\/wp-content\/uploads\/2017\/12\/Ali\u0301cia_135.jpg\" class=\"ls-bg\" alt=\"\" srcset=\"https:\/\/www.bebedetoucafotografia.com.br\/wp-content\/uploads\/2017\/12\/Ali\u0301cia_135.jpg 1024w, https:\/\/www.bebedetoucafotografia.com.br\/wp-content\/uploads\/2017\/12\/Ali\u0301cia_135-300x200.jpg 300w, https:\/\/www.bebedetoucafotografia.com.br\/wp-content\/uploads\/2017\/12\/Ali\u0301cia_135-768x512.jpg 768w\" sizes=\"auto, (max-width: 1024px) 100vw, 1024px\" \/><\/div><div class=\"ls-slide\" data-ls=\"duration:4000;transition2d:1;kenburnsscale:1.2;\"><img loading=\"lazy\" decoding=\"async\" width=\"1024\" height=\"682\" src=\"https:\/\/www.bebedetoucafotografia.com.br\/wp-content\/uploads\/2017\/12\/DSC_6690-retro.jpg\" class=\"ls-bg\" alt=\"\" srcset=\"https:\/\/www.bebedetoucafotografia.com.br\/wp-content\/uploads\/2017\/12\/DSC_6690-retro.jpg 1024w, https:\/\/www.bebedetoucafotografia.com.br\/wp-content\/uploads\/2017\/12\/DSC_6690-retro-300x200.jpg 300w, https:\/\/www.bebedetoucafotografia.com.br\/wp-content\/uploads\/2017\/12\/DSC_6690-retro-768x512.jpg 768w\" sizes=\"auto, (max-width: 1024px) 100vw, 1024px\" \/><\/div><\/div>[\/vc_column_text]<div id=\"ultimate-heading-742569f4e3958e8fd\" class=\"uvc-heading ult-adjust-bottom-margin ultimate-heading-742569f4e3958e8fd uvc-4928 \" data-hspacer=\"no_spacer\"  data-halign=\"left\" style=\"text-align:left\"><div class=\"uvc-heading-spacer no_spacer\" style=\"top\"><\/div><div class=\"uvc-main-heading ult-responsive\"  data-ultimate-target='.uvc-heading.ultimate-heading-742569f4e3958e8fd h1'  data-responsive-json-new='{\"font-size\":\"\",\"line-height\":\"\"}' ><h1 style=\"font-weight:normal;\">Ensaio Gestante<\/h1><\/div><\/div><div class=\"ult-spacer spacer-69f4e3958e91d\" data-id=\"69f4e3958e91d\" data-height=\"20\" data-height-mobile=\"20\" data-height-tab=\"20\" data-height-tab-portrait=\"\" data-height-mobile-landscape=\"\" style=\"clear:both;display:block;\"><\/div>[vc_column_text]A gesta\u00e7\u00e3o \u00e9 um momento muito bonito e especial na vida de uma mulher. Por isso nada melhor que guardar este momento conosco.<br \/>\nO tempo ideal para o registro fotogr\u00e1fico \u00e9 a partir do 6o. m\u00eas, pois j\u00e1 temos uma barriguinha para ser fotografada.<br \/>\nEnsaios feitos no 9o. m\u00eas de gesta\u00e7\u00e3o, s\u00e3o mais cansativos e muitas vezes o beb\u00ea pode chegar antes da data marcada. Por isso o agendamento e planejamento feito com anteced\u00eancia \u00e9 muito importante.<\/p>\n<p>Poder\u00e3o participar do ensaio fotogr\u00e1fico tanto o papai quanto os irm\u00e3os, afinal a fam\u00edlia \u00e9 muito importante nesta etapa da vida.<\/p>\n<p>Nosso ensaio gestante pode ser realizado em est\u00fadio (plano inicial) como externo (parques, loca\u00e7\u00f5es, etc).<br \/>\nFigurinos por conta to cliente. Tamb\u00e9m temos alguns figurinos em nosso est\u00fadio e acess\u00f3rio para composi\u00e7\u00e3o.<br \/>\nTrabalhamos com maquiadora profissional como opcional.<\/p>\n<p>Entre em contato para maiores informa\u00e7\u00f5es.[\/vc_column_text][\/vc_column][\/vc_row][vc_row][vc_column][\/vc_column][\/vc_row]<\/p>\n<\/div>","protected":false},"excerpt":{"rendered":"<p>[vc_row][vc_column][vc_column_text][\/vc_column_text][vc_column_text]A gesta\u00e7\u00e3o \u00e9 um momento muito bonito e especial na vida de uma mulher. Por isso nada melhor que guardar este momento conosco. O tempo ideal para o registro fotogr\u00e1fico \u00e9 a partir do 6o. m\u00eas, pois j\u00e1 temos uma barriguinha para ser fotografada. Ensaios feitos no 9o. m\u00eas de gesta\u00e7\u00e3o, s\u00e3o mais cansativos e&hellip;<\/p>\n","protected":false},"author":1,"featured_media":0,"parent":0,"menu_order":0,"comment_status":"closed","ping_status":"open","template":"","meta":[],"class_list":["post-2","page","type-page","status-publish","hentry","description-off"],"_links":{"self":[{"href":"https:\/\/www.bebedetoucafotografia.com.br\/index.php\/wp-json\/wp\/v2\/pages\/2","targetHints":{"allow":["GET"]}}],"collection":[{"href":"https:\/\/www.bebedetoucafotografia.com.br\/index.php\/wp-json\/wp\/v2\/pages"}],"about":[{"href":"https:\/\/www.bebedetoucafotografia.com.br\/index.php\/wp-json\/wp\/v2\/types\/page"}],"author":[{"embeddable":true,"href":"https:\/\/www.bebedetoucafotografia.com.br\/index.php\/wp-json\/wp\/v2\/users\/1"}],"replies":[{"embeddable":true,"href":"https:\/\/www.bebedetoucafotografia.com.br\/index.php\/wp-json\/wp\/v2\/comments?post=2"}],"version-history":[{"count":11,"href":"https:\/\/www.bebedetoucafotografia.com.br\/index.php\/wp-json\/wp\/v2\/pages\/2\/revisions"}],"predecessor-version":[{"id":298,"href":"https:\/\/www.bebedetoucafotografia.com.br\/index.php\/wp-json\/wp\/v2\/pages\/2\/revisions\/298"}],"wp:attachment":[{"href":"https:\/\/www.bebedetoucafotografia.com.br\/index.php\/wp-json\/wp\/v2\/media?parent=2"}],"curies":[{"name":"wp","href":"https:\/\/api.w.org\/{rel}","templated":true}]}}